{"id":1361,"date":"2019-12-29T08:14:59","date_gmt":"2019-12-29T07:14:59","guid":{"rendered":"https:\/\/ikarus-mainz.de\/?page_id=1361"},"modified":"2019-12-29T16:46:16","modified_gmt":"2019-12-29T15:46:16","slug":"september-2019","status":"publish","type":"page","link":"https:\/\/ikarus-mainz.de\/?page_id=1361","title":{"rendered":"September 2019"},"content":{"rendered":"\n<h4 class=\"wp-block-heading\">Bilder:<\/h4>\n\n\n\n<figure class=\"wp-block-gallery columns-3 is-cropped wp-block-gallery-1 is-layout-flex wp-block-gallery-is-layout-flex\"><ul class=\"blocks-gallery-grid\"><li class=\"blocks-gallery-item\"><figure><a href=\"https:\/\/ikarus-mainz.de\/wp-content\/uploads\/2019\/12\/IMG-20190912-WA0000_new.jpg\"><img loading=\"lazy\" decoding=\"async\" width=\"1024\" height=\"576\" src=\"https:\/\/ikarus-mainz.de\/wp-content\/uploads\/2019\/12\/IMG-20190912-WA0000_new-1024x576.jpg\" alt=\"\" data-id=\"1346\" data-full-url=\"https:\/\/ikarus-mainz.de\/wp-content\/uploads\/2019\/12\/IMG-20190912-WA0000_new.jpg\" data-link=\"https:\/\/ikarus-mainz.de\/?attachment_id=1346\" class=\"wp-image-1346\" srcset=\"https:\/\/ikarus-mainz.de\/wp-content\/uploads\/2019\/12\/IMG-20190912-WA0000_new-1024x576.jpg 1024w, https:\/\/ikarus-mainz.de\/wp-content\/uploads\/2019\/12\/IMG-20190912-WA0000_new-300x169.jpg 300w, https:\/\/ikarus-mainz.de\/wp-content\/uploads\/2019\/12\/IMG-20190912-WA0000_new-768x432.jpg 768w, https:\/\/ikarus-mainz.de\/wp-content\/uploads\/2019\/12\/IMG-20190912-WA0000_new-1536x864.jpg 1536w, https:\/\/ikarus-mainz.de\/wp-content\/uploads\/2019\/12\/IMG-20190912-WA0000_new-800x450.jpg 800w, https:\/\/ikarus-mainz.de\/wp-content\/uploads\/2019\/12\/IMG-20190912-WA0000_new-320x180.jpg 320w, https:\/\/ikarus-mainz.de\/wp-content\/uploads\/2019\/12\/IMG-20190912-WA0000_new.jpg 2000w\" sizes=\"auto, (max-width: 1024px) 100vw, 1024px\" \/><\/a><\/figure><\/li><li class=\"blocks-gallery-item\"><figure><a href=\"https:\/\/ikarus-mainz.de\/wp-content\/uploads\/2019\/12\/IMG-20190914-WA0000_new.jpg\"><img loading=\"lazy\" decoding=\"async\" width=\"577\" height=\"1024\" src=\"https:\/\/ikarus-mainz.de\/wp-content\/uploads\/2019\/12\/IMG-20190914-WA0000_new-577x1024.jpg\" alt=\"\" data-id=\"1347\" data-full-url=\"https:\/\/ikarus-mainz.de\/wp-content\/uploads\/2019\/12\/IMG-20190914-WA0000_new.jpg\" data-link=\"https:\/\/ikarus-mainz.de\/?attachment_id=1347\" class=\"wp-image-1347\" srcset=\"https:\/\/ikarus-mainz.de\/wp-content\/uploads\/2019\/12\/IMG-20190914-WA0000_new-577x1024.jpg 577w, https:\/\/ikarus-mainz.de\/wp-content\/uploads\/2019\/12\/IMG-20190914-WA0000_new-169x300.jpg 169w, https:\/\/ikarus-mainz.de\/wp-content\/uploads\/2019\/12\/IMG-20190914-WA0000_new-768x1364.jpg 768w, https:\/\/ikarus-mainz.de\/wp-content\/uploads\/2019\/12\/IMG-20190914-WA0000_new-865x1536.jpg 865w, https:\/\/ikarus-mainz.de\/wp-content\/uploads\/2019\/12\/IMG-20190914-WA0000_new-800x1421.jpg 800w, https:\/\/ikarus-mainz.de\/wp-content\/uploads\/2019\/12\/IMG-20190914-WA0000_new-101x180.jpg 101w, https:\/\/ikarus-mainz.de\/wp-content\/uploads\/2019\/12\/IMG-20190914-WA0000_new.jpg 1126w\" sizes=\"auto, (max-width: 577px) 100vw, 577px\" \/><\/a><figcaption class=\"blocks-gallery-item__caption\">die Morgengeier kreisen schon<\/figcaption><\/figure><\/li><li class=\"blocks-gallery-item\"><figure><a href=\"https:\/\/ikarus-mainz.de\/wp-content\/uploads\/2019\/12\/IMG-20190915-WA0001_new.jpg\"><img loading=\"lazy\" decoding=\"async\" width=\"1024\" height=\"768\" src=\"https:\/\/ikarus-mainz.de\/wp-content\/uploads\/2019\/12\/IMG-20190915-WA0001_new-1024x768.jpg\" alt=\"\" data-id=\"1349\" data-full-url=\"https:\/\/ikarus-mainz.de\/wp-content\/uploads\/2019\/12\/IMG-20190915-WA0001_new.jpg\" data-link=\"https:\/\/ikarus-mainz.de\/?attachment_id=1349\" class=\"wp-image-1349\" srcset=\"https:\/\/ikarus-mainz.de\/wp-content\/uploads\/2019\/12\/IMG-20190915-WA0001_new-1024x768.jpg 1024w, https:\/\/ikarus-mainz.de\/wp-content\/uploads\/2019\/12\/IMG-20190915-WA0001_new-300x225.jpg 300w, https:\/\/ikarus-mainz.de\/wp-content\/uploads\/2019\/12\/IMG-20190915-WA0001_new-768x576.jpg 768w, https:\/\/ikarus-mainz.de\/wp-content\/uploads\/2019\/12\/IMG-20190915-WA0001_new-1536x1152.jpg 1536w, https:\/\/ikarus-mainz.de\/wp-content\/uploads\/2019\/12\/IMG-20190915-WA0001_new-400x300.jpg 400w, https:\/\/ikarus-mainz.de\/wp-content\/uploads\/2019\/12\/IMG-20190915-WA0001_new-800x600.jpg 800w, https:\/\/ikarus-mainz.de\/wp-content\/uploads\/2019\/12\/IMG-20190915-WA0001_new-240x180.jpg 240w, https:\/\/ikarus-mainz.de\/wp-content\/uploads\/2019\/12\/IMG-20190915-WA0001_new.jpg 2000w\" sizes=\"auto, (max-width: 1024px) 100vw, 1024px\" \/><\/a><figcaption class=\"blocks-gallery-item__caption\">fliegende Schweine am H\u00f6rnchen<\/figcaption><\/figure><\/li><li class=\"blocks-gallery-item\"><figure><a href=\"https:\/\/ikarus-mainz.de\/wp-content\/uploads\/2019\/12\/IMG-20190915-WA0002_new.jpg\"><img loading=\"lazy\" decoding=\"async\" width=\"1024\" height=\"768\" src=\"https:\/\/ikarus-mainz.de\/wp-content\/uploads\/2019\/12\/IMG-20190915-WA0002_new-1024x768.jpg\" alt=\"\" data-id=\"1350\" data-full-url=\"https:\/\/ikarus-mainz.de\/wp-content\/uploads\/2019\/12\/IMG-20190915-WA0002_new.jpg\" data-link=\"https:\/\/ikarus-mainz.de\/?attachment_id=1350\" class=\"wp-image-1350\" srcset=\"https:\/\/ikarus-mainz.de\/wp-content\/uploads\/2019\/12\/IMG-20190915-WA0002_new-1024x768.jpg 1024w, https:\/\/ikarus-mainz.de\/wp-content\/uploads\/2019\/12\/IMG-20190915-WA0002_new-300x225.jpg 300w, https:\/\/ikarus-mainz.de\/wp-content\/uploads\/2019\/12\/IMG-20190915-WA0002_new-768x576.jpg 768w, https:\/\/ikarus-mainz.de\/wp-content\/uploads\/2019\/12\/IMG-20190915-WA0002_new-1536x1152.jpg 1536w, https:\/\/ikarus-mainz.de\/wp-content\/uploads\/2019\/12\/IMG-20190915-WA0002_new-400x300.jpg 400w, https:\/\/ikarus-mainz.de\/wp-content\/uploads\/2019\/12\/IMG-20190915-WA0002_new-800x600.jpg 800w, https:\/\/ikarus-mainz.de\/wp-content\/uploads\/2019\/12\/IMG-20190915-WA0002_new-240x180.jpg 240w, https:\/\/ikarus-mainz.de\/wp-content\/uploads\/2019\/12\/IMG-20190915-WA0002_new.jpg 2000w\" sizes=\"auto, (max-width: 1024px) 100vw, 1024px\" \/><\/a><figcaption class=\"blocks-gallery-item__caption\">Abendstimmung &#8230;<\/figcaption><\/figure><\/li><li class=\"blocks-gallery-item\"><figure><a href=\"https:\/\/ikarus-mainz.de\/wp-content\/uploads\/2019\/12\/IMG-20190915-WA0000_new.jpg\"><img loading=\"lazy\" decoding=\"async\" width=\"1024\" height=\"768\" src=\"https:\/\/ikarus-mainz.de\/wp-content\/uploads\/2019\/12\/IMG-20190915-WA0000_new-1024x768.jpg\" alt=\"\" data-id=\"1348\" data-full-url=\"https:\/\/ikarus-mainz.de\/wp-content\/uploads\/2019\/12\/IMG-20190915-WA0000_new.jpg\" data-link=\"https:\/\/ikarus-mainz.de\/?attachment_id=1348\" class=\"wp-image-1348\" srcset=\"https:\/\/ikarus-mainz.de\/wp-content\/uploads\/2019\/12\/IMG-20190915-WA0000_new-1024x768.jpg 1024w, https:\/\/ikarus-mainz.de\/wp-content\/uploads\/2019\/12\/IMG-20190915-WA0000_new-300x225.jpg 300w, https:\/\/ikarus-mainz.de\/wp-content\/uploads\/2019\/12\/IMG-20190915-WA0000_new-768x576.jpg 768w, https:\/\/ikarus-mainz.de\/wp-content\/uploads\/2019\/12\/IMG-20190915-WA0000_new-1536x1152.jpg 1536w, https:\/\/ikarus-mainz.de\/wp-content\/uploads\/2019\/12\/IMG-20190915-WA0000_new-400x300.jpg 400w, https:\/\/ikarus-mainz.de\/wp-content\/uploads\/2019\/12\/IMG-20190915-WA0000_new-800x600.jpg 800w, https:\/\/ikarus-mainz.de\/wp-content\/uploads\/2019\/12\/IMG-20190915-WA0000_new-240x180.jpg 240w, https:\/\/ikarus-mainz.de\/wp-content\/uploads\/2019\/12\/IMG-20190915-WA0000_new.jpg 2000w\" sizes=\"auto, (max-width: 1024px) 100vw, 1024px\" \/><\/a><figcaption class=\"blocks-gallery-item__caption\">&#8230; am H\u00f6rnchen.<\/figcaption><\/figure><\/li><li class=\"blocks-gallery-item\"><figure><a href=\"https:\/\/ikarus-mainz.de\/wp-content\/uploads\/2019\/12\/IMG-20190916-WA0001_new.jpg\"><img loading=\"lazy\" decoding=\"async\" width=\"1024\" height=\"768\" src=\"https:\/\/ikarus-mainz.de\/wp-content\/uploads\/2019\/12\/IMG-20190916-WA0001_new-1024x768.jpg\" alt=\"\" data-id=\"1351\" data-full-url=\"https:\/\/ikarus-mainz.de\/wp-content\/uploads\/2019\/12\/IMG-20190916-WA0001_new.jpg\" data-link=\"https:\/\/ikarus-mainz.de\/?attachment_id=1351\" class=\"wp-image-1351\" srcset=\"https:\/\/ikarus-mainz.de\/wp-content\/uploads\/2019\/12\/IMG-20190916-WA0001_new-1024x768.jpg 1024w, https:\/\/ikarus-mainz.de\/wp-content\/uploads\/2019\/12\/IMG-20190916-WA0001_new-300x225.jpg 300w, https:\/\/ikarus-mainz.de\/wp-content\/uploads\/2019\/12\/IMG-20190916-WA0001_new-768x576.jpg 768w, https:\/\/ikarus-mainz.de\/wp-content\/uploads\/2019\/12\/IMG-20190916-WA0001_new-1536x1152.jpg 1536w, https:\/\/ikarus-mainz.de\/wp-content\/uploads\/2019\/12\/IMG-20190916-WA0001_new-400x300.jpg 400w, https:\/\/ikarus-mainz.de\/wp-content\/uploads\/2019\/12\/IMG-20190916-WA0001_new-800x600.jpg 800w, https:\/\/ikarus-mainz.de\/wp-content\/uploads\/2019\/12\/IMG-20190916-WA0001_new-240x180.jpg 240w, https:\/\/ikarus-mainz.de\/wp-content\/uploads\/2019\/12\/IMG-20190916-WA0001_new.jpg 2000w\" sizes=\"auto, (max-width: 1024px) 100vw, 1024px\" \/><\/a><figcaption class=\"blocks-gallery-item__caption\">Gr\u00fc\u00dfe aus K\u00e4rnten von Andreas<\/figcaption><\/figure><\/li><li class=\"blocks-gallery-item\"><figure><a href=\"https:\/\/ikarus-mainz.de\/wp-content\/uploads\/2019\/12\/IMG-20190919-WA0000_new.jpg\"><img loading=\"lazy\" decoding=\"async\" width=\"576\" height=\"1024\" src=\"https:\/\/ikarus-mainz.de\/wp-content\/uploads\/2019\/12\/IMG-20190919-WA0000_new-576x1024.jpg\" alt=\"\" data-id=\"1352\" data-full-url=\"https:\/\/ikarus-mainz.de\/wp-content\/uploads\/2019\/12\/IMG-20190919-WA0000_new.jpg\" data-link=\"https:\/\/ikarus-mainz.de\/?attachment_id=1352\" class=\"wp-image-1352\" srcset=\"https:\/\/ikarus-mainz.de\/wp-content\/uploads\/2019\/12\/IMG-20190919-WA0000_new-576x1024.jpg 576w, https:\/\/ikarus-mainz.de\/wp-content\/uploads\/2019\/12\/IMG-20190919-WA0000_new-169x300.jpg 169w, https:\/\/ikarus-mainz.de\/wp-content\/uploads\/2019\/12\/IMG-20190919-WA0000_new-768x1365.jpg 768w, https:\/\/ikarus-mainz.de\/wp-content\/uploads\/2019\/12\/IMG-20190919-WA0000_new-864x1536.jpg 864w, https:\/\/ikarus-mainz.de\/wp-content\/uploads\/2019\/12\/IMG-20190919-WA0000_new-800x1422.jpg 800w, https:\/\/ikarus-mainz.de\/wp-content\/uploads\/2019\/12\/IMG-20190919-WA0000_new-101x180.jpg 101w, https:\/\/ikarus-mainz.de\/wp-content\/uploads\/2019\/12\/IMG-20190919-WA0000_new.jpg 1125w\" sizes=\"auto, (max-width: 576px) 100vw, 576px\" \/><\/a><figcaption class=\"blocks-gallery-item__caption\">der Wind kommt von Ost<\/figcaption><\/figure><\/li><li class=\"blocks-gallery-item\"><figure><a href=\"https:\/\/ikarus-mainz.de\/wp-content\/uploads\/2019\/12\/IMG-20190920-WA0001_new.jpg\"><img loading=\"lazy\" decoding=\"async\" width=\"768\" height=\"1024\" src=\"https:\/\/ikarus-mainz.de\/wp-content\/uploads\/2019\/12\/IMG-20190920-WA0001_new-768x1024.jpg\" alt=\"\" data-id=\"1353\" data-full-url=\"https:\/\/ikarus-mainz.de\/wp-content\/uploads\/2019\/12\/IMG-20190920-WA0001_new.jpg\" data-link=\"https:\/\/ikarus-mainz.de\/?attachment_id=1353\" class=\"wp-image-1353\" srcset=\"https:\/\/ikarus-mainz.de\/wp-content\/uploads\/2019\/12\/IMG-20190920-WA0001_new-768x1024.jpg 768w, https:\/\/ikarus-mainz.de\/wp-content\/uploads\/2019\/12\/IMG-20190920-WA0001_new-225x300.jpg 225w, https:\/\/ikarus-mainz.de\/wp-content\/uploads\/2019\/12\/IMG-20190920-WA0001_new-1152x1536.jpg 1152w, https:\/\/ikarus-mainz.de\/wp-content\/uploads\/2019\/12\/IMG-20190920-WA0001_new-800x1067.jpg 800w, https:\/\/ikarus-mainz.de\/wp-content\/uploads\/2019\/12\/IMG-20190920-WA0001_new-135x180.jpg 135w, https:\/\/ikarus-mainz.de\/wp-content\/uploads\/2019\/12\/IMG-20190920-WA0001_new.jpg 1500w\" sizes=\"auto, (max-width: 768px) 100vw, 768px\" \/><\/a><figcaption class=\"blocks-gallery-item__caption\">Wochenausklang am Osthang &#8230;<\/figcaption><\/figure><\/li><li class=\"blocks-gallery-item\"><figure><a href=\"https:\/\/ikarus-mainz.de\/wp-content\/uploads\/2019\/12\/IMG-20190921-WA0000_new.jpg\"><img loading=\"lazy\" decoding=\"async\" width=\"1024\" height=\"808\" src=\"https:\/\/ikarus-mainz.de\/wp-content\/uploads\/2019\/12\/IMG-20190921-WA0000_new-1024x808.jpg\" alt=\"\" data-id=\"1354\" data-full-url=\"https:\/\/ikarus-mainz.de\/wp-content\/uploads\/2019\/12\/IMG-20190921-WA0000_new.jpg\" data-link=\"https:\/\/ikarus-mainz.de\/?attachment_id=1354\" class=\"wp-image-1354\" srcset=\"https:\/\/ikarus-mainz.de\/wp-content\/uploads\/2019\/12\/IMG-20190921-WA0000_new-1024x808.jpg 1024w, https:\/\/ikarus-mainz.de\/wp-content\/uploads\/2019\/12\/IMG-20190921-WA0000_new-300x237.jpg 300w, https:\/\/ikarus-mainz.de\/wp-content\/uploads\/2019\/12\/IMG-20190921-WA0000_new-768x606.jpg 768w, https:\/\/ikarus-mainz.de\/wp-content\/uploads\/2019\/12\/IMG-20190921-WA0000_new-1536x1212.jpg 1536w, https:\/\/ikarus-mainz.de\/wp-content\/uploads\/2019\/12\/IMG-20190921-WA0000_new-800x631.jpg 800w, https:\/\/ikarus-mainz.de\/wp-content\/uploads\/2019\/12\/IMG-20190921-WA0000_new-228x180.jpg 228w, https:\/\/ikarus-mainz.de\/wp-content\/uploads\/2019\/12\/IMG-20190921-WA0000_new.jpg 2000w\" sizes=\"auto, (max-width: 1024px) 100vw, 1024px\" \/><\/a><\/figure><\/li><li class=\"blocks-gallery-item\"><figure><a href=\"https:\/\/ikarus-mainz.de\/wp-content\/uploads\/2019\/12\/IMG-20190921-WA0002_new.jpg\"><img loading=\"lazy\" decoding=\"async\" width=\"768\" height=\"1024\" src=\"https:\/\/ikarus-mainz.de\/wp-content\/uploads\/2019\/12\/IMG-20190921-WA0002_new-768x1024.jpg\" alt=\"\" data-id=\"1356\" data-full-url=\"https:\/\/ikarus-mainz.de\/wp-content\/uploads\/2019\/12\/IMG-20190921-WA0002_new.jpg\" data-link=\"https:\/\/ikarus-mainz.de\/?attachment_id=1356\" class=\"wp-image-1356\" srcset=\"https:\/\/ikarus-mainz.de\/wp-content\/uploads\/2019\/12\/IMG-20190921-WA0002_new-768x1024.jpg 768w, https:\/\/ikarus-mainz.de\/wp-content\/uploads\/2019\/12\/IMG-20190921-WA0002_new-225x300.jpg 225w, https:\/\/ikarus-mainz.de\/wp-content\/uploads\/2019\/12\/IMG-20190921-WA0002_new-1152x1536.jpg 1152w, https:\/\/ikarus-mainz.de\/wp-content\/uploads\/2019\/12\/IMG-20190921-WA0002_new-800x1067.jpg 800w, https:\/\/ikarus-mainz.de\/wp-content\/uploads\/2019\/12\/IMG-20190921-WA0002_new-135x180.jpg 135w, https:\/\/ikarus-mainz.de\/wp-content\/uploads\/2019\/12\/IMG-20190921-WA0002_new.jpg 1500w\" sizes=\"auto, (max-width: 768px) 100vw, 768px\" \/><\/a><figcaption class=\"blocks-gallery-item__caption\">woanders tr\u00e4gt es auch &#8230;<\/figcaption><\/figure><\/li><li class=\"blocks-gallery-item\"><figure><a href=\"https:\/\/ikarus-mainz.de\/wp-content\/uploads\/2019\/12\/IMG-20190921-WA0001_new.jpg\"><img loading=\"lazy\" decoding=\"async\" width=\"1024\" height=\"577\" src=\"https:\/\/ikarus-mainz.de\/wp-content\/uploads\/2019\/12\/IMG-20190921-WA0001_new-1024x577.jpg\" alt=\"\" data-id=\"1355\" data-full-url=\"https:\/\/ikarus-mainz.de\/wp-content\/uploads\/2019\/12\/IMG-20190921-WA0001_new.jpg\" data-link=\"https:\/\/ikarus-mainz.de\/?attachment_id=1355\" class=\"wp-image-1355\" srcset=\"https:\/\/ikarus-mainz.de\/wp-content\/uploads\/2019\/12\/IMG-20190921-WA0001_new-1024x577.jpg 1024w, https:\/\/ikarus-mainz.de\/wp-content\/uploads\/2019\/12\/IMG-20190921-WA0001_new-300x169.jpg 300w, https:\/\/ikarus-mainz.de\/wp-content\/uploads\/2019\/12\/IMG-20190921-WA0001_new-768x432.jpg 768w, https:\/\/ikarus-mainz.de\/wp-content\/uploads\/2019\/12\/IMG-20190921-WA0001_new-1536x865.jpg 1536w, https:\/\/ikarus-mainz.de\/wp-content\/uploads\/2019\/12\/IMG-20190921-WA0001_new-800x450.jpg 800w, https:\/\/ikarus-mainz.de\/wp-content\/uploads\/2019\/12\/IMG-20190921-WA0001_new-320x180.jpg 320w, https:\/\/ikarus-mainz.de\/wp-content\/uploads\/2019\/12\/IMG-20190921-WA0001_new.jpg 2000w\" sizes=\"auto, (max-width: 1024px) 100vw, 1024px\" \/><\/a><figcaption class=\"blocks-gallery-item__caption\">kurze Pause<\/figcaption><\/figure><\/li><li class=\"blocks-gallery-item\"><figure><a href=\"https:\/\/ikarus-mainz.de\/wp-content\/uploads\/2019\/12\/IMG-20190929-WA0000_new.jpg\"><img loading=\"lazy\" decoding=\"async\" width=\"768\" height=\"1024\" src=\"https:\/\/ikarus-mainz.de\/wp-content\/uploads\/2019\/12\/IMG-20190929-WA0000_new-768x1024.jpg\" alt=\"\" data-id=\"1357\" data-full-url=\"https:\/\/ikarus-mainz.de\/wp-content\/uploads\/2019\/12\/IMG-20190929-WA0000_new.jpg\" data-link=\"https:\/\/ikarus-mainz.de\/?attachment_id=1357\" class=\"wp-image-1357\" srcset=\"https:\/\/ikarus-mainz.de\/wp-content\/uploads\/2019\/12\/IMG-20190929-WA0000_new-768x1024.jpg 768w, https:\/\/ikarus-mainz.de\/wp-content\/uploads\/2019\/12\/IMG-20190929-WA0000_new-225x300.jpg 225w, https:\/\/ikarus-mainz.de\/wp-content\/uploads\/2019\/12\/IMG-20190929-WA0000_new-1152x1536.jpg 1152w, https:\/\/ikarus-mainz.de\/wp-content\/uploads\/2019\/12\/IMG-20190929-WA0000_new-800x1067.jpg 800w, https:\/\/ikarus-mainz.de\/wp-content\/uploads\/2019\/12\/IMG-20190929-WA0000_new-135x180.jpg 135w, https:\/\/ikarus-mainz.de\/wp-content\/uploads\/2019\/12\/IMG-20190929-WA0000_new.jpg 1500w\" sizes=\"auto, (max-width: 768px) 100vw, 768px\" \/><\/a><figcaption class=\"blocks-gallery-item__caption\">Sommerliga F3J Babenhausen<\/figcaption><\/figure><\/li><\/ul><\/figure>\n\n\n\n<h4 class=\"wp-block-heading\">Video:<\/h4>\n\n\n\n<figure class=\"wp-block-video aligncenter\"><video height=\"352\" style=\"aspect-ratio: 640 \/ 352;\" width=\"640\" controls src=\"https:\/\/ikarus-mainz.de\/wp-content\/uploads\/2019\/12\/VID-20190921-WA0003.mp4\"><\/video><figcaption> Torquen am Karawankenblick <\/figcaption><\/figure>\n\n\n\n<div class=\"wp-block-columns is-layout-flex wp-container-core-columns-is-layout-9d6595d7 wp-block-columns-is-layout-flex\">\n<div class=\"wp-block-column is-layout-flow wp-block-column-is-layout-flow\"><\/div>\n\n\n\n<div class=\"wp-block-column is-layout-flow wp-block-column-is-layout-flow\">\n<p class=\"has-text-align-right has-small-font-size\"><a href=\"https:\/\/ikarus-mainz.de\/?page_id=1359\">n\u00e4chster Monat &#8230;<\/a><\/p>\n<\/div>\n<\/div>\n","protected":false},"excerpt":{"rendered":"<p>Bilder: Video: n\u00e4chster Monat &#8230;<\/p>\n","protected":false},"author":5,"featured_media":0,"parent":0,"menu_order":0,"comment_status":"closed","ping_status":"closed","template":"","meta":{"footnotes":""},"class_list":["post-1361","page","type-page","status-publish","hentry","empty-entry-meta"],"publishpress_future_action":{"enabled":false,"date":"2026-04-25 23:03:55","action":"change-status","newStatus":"draft","terms":[],"taxonomy":"","extraData":[]},"publishpress_future_workflow_manual_trigger":{"enabledWorkflows":[]},"_links":{"self":[{"href":"https:\/\/ikarus-mainz.de\/index.php?rest_route=\/wp\/v2\/pages\/1361","targetHints":{"allow":["GET"]}}],"collection":[{"href":"https:\/\/ikarus-mainz.de\/index.php?rest_route=\/wp\/v2\/pages"}],"about":[{"href":"https:\/\/ikarus-mainz.de\/index.php?rest_route=\/wp\/v2\/types\/page"}],"author":[{"embeddable":true,"href":"https:\/\/ikarus-mainz.de\/index.php?rest_route=\/wp\/v2\/users\/5"}],"replies":[{"embeddable":true,"href":"https:\/\/ikarus-mainz.de\/index.php?rest_route=%2Fwp%2Fv2%2Fcomments&post=1361"}],"version-history":[{"count":5,"href":"https:\/\/ikarus-mainz.de\/index.php?rest_route=\/wp\/v2\/pages\/1361\/revisions"}],"predecessor-version":[{"id":1450,"href":"https:\/\/ikarus-mainz.de\/index.php?rest_route=\/wp\/v2\/pages\/1361\/revisions\/1450"}],"wp:attachment":[{"href":"https:\/\/ikarus-mainz.de\/index.php?rest_route=%2Fwp%2Fv2%2Fmedia&parent=1361"}],"curies":[{"name":"wp","href":"https:\/\/api.w.org\/{rel}","templated":true}]}}