{"id":18,"date":"2016-01-30T22:41:36","date_gmt":"2016-01-30T21:41:36","guid":{"rendered":"http:\/\/ikarus.guckux.test\/?page_id=18"},"modified":"2016-02-11T20:25:15","modified_gmt":"2016-02-11T20:25:15","slug":"willkommen-beim-ikarus-mainz-e-v","status":"publish","type":"page","link":"https:\/\/ikarus-mainz.de\/?page_id=18","title":{"rendered":"Willkommen beim IKARUS MAINZ e.V."},"content":{"rendered":"<p style=\"text-align: center;\">&#8211; dem Verein f\u00fcr Segelflugmodellsport aus Rheinhessen &#8211;<\/p>\n<p>Der Ikarus Mainz e.V. ist ein 1967 gegr\u00fcndeter Verein f\u00fcr Freunde des Segelmodellflugs.<\/p>\n<p>Wir haben uns mit unseren Modellen dem Wind und dem Aufwind am Hang verschrieben und genie\u00dfen das Fliegen in der Natur.<br \/>\nModelle mit Verbrennungsmotoren sind daher an unseren H\u00e4ngen nicht erlaubt.<\/p>\n<p>Unsere H\u00e4nge weisen nach Nordost und S\u00fcdwest, den beiden Windrichtungen, die im Rhein-Main-Gebiet vorherrschen. Beide H\u00e4nge bieten sehr gro\u00dfz\u00fcgige Landefl\u00e4chen und sind f\u00fcr Segelflugmodelle bis 20 kg zugelassen.<\/p>\n<p>Gastflieger informieren sich bitte vor Ihrem Besuch an unseren H\u00e4ngen bei unserem Vereinsvorstand \u00fcber die notwendige Versicherungsabdeckung, um am Flugbetrieb teilnehmen zu k\u00f6nnen!<br \/>\nDie zur Zeit g\u00fcltige Satzung des Vereins erlaubt Gastfliegern nur das Fliegen von Segelflugmodellen mit einer Flugmasse bis 5 kg !<br \/>\n<span style=\"color: #ff0000;\"><strong><em>!!!! AUSNAHMEREGELUNGEN diesbez\u00fcglich sind NICHT m\u00f6glich !!!!<\/em><\/strong><\/span><br \/>\nM\u00f6chte ein Gastflieger mit Segelflugmodellen \u00fcber 5 kg am Flugbetrieb teilnehmen, ist ein entsprechender Antrag auf Mitgliedschaft beim IKARUS Mainz e.V. zu stellen!<br \/>\nWie allgemein \u00fcblich, ist G\u00e4sten das Fliegen nur in Anwesenheit eines Vereinsmitglieds gestattet!<br \/>\n(Weitere Hinweise und Sicherheitsinfos unter: Downloads)<\/p>\n<p>Wenn Sie also ein Segelflugmodell haben, dann schauen Sie doch einfach mal bei uns vorbei.<br \/>\nEs lohnt sich auf jeden Fall !<\/p>\n","protected":false},"excerpt":{"rendered":"<p>&#8211; dem Verein f\u00fcr Segelflugmodellsport aus Rheinhessen &#8211; Der Ikarus Mainz e.V. ist ein 1967 gegr\u00fcndeter Verein f\u00fcr Freunde des Segelmodellflugs. Wir haben uns mit unseren Modellen dem Wind und dem Aufwind am Hang verschrieben und genie\u00dfen das Fliegen in der Natur. Modelle mit Verbrennungsmotoren sind daher an unseren H\u00e4ngen nicht erlaubt. Unsere H\u00e4nge weisen&hellip;<\/p>\n","protected":false},"author":1,"featured_media":0,"parent":0,"menu_order":0,"comment_status":"closed","ping_status":"closed","template":"","meta":{"footnotes":""},"class_list":["post-18","page","type-page","status-publish","hentry","empty-entry-meta"],"publishpress_future_action":{"enabled":false,"date":"2026-04-25 19:35:48","action":"change-status","newStatus":"draft","terms":[],"taxonomy":"","extraData":[]},"publishpress_future_workflow_manual_trigger":{"enabledWorkflows":[]},"_links":{"self":[{"href":"https:\/\/ikarus-mainz.de\/index.php?rest_route=\/wp\/v2\/pages\/18","targetHints":{"allow":["GET"]}}],"collection":[{"href":"https:\/\/ikarus-mainz.de\/index.php?rest_route=\/wp\/v2\/pages"}],"about":[{"href":"https:\/\/ikarus-mainz.de\/index.php?rest_route=\/wp\/v2\/types\/page"}],"author":[{"embeddable":true,"href":"https:\/\/ikarus-mainz.de\/index.php?rest_route=\/wp\/v2\/users\/1"}],"replies":[{"embeddable":true,"href":"https:\/\/ikarus-mainz.de\/index.php?rest_route=%2Fwp%2Fv2%2Fcomments&post=18"}],"version-history":[{"count":2,"href":"https:\/\/ikarus-mainz.de\/index.php?rest_route=\/wp\/v2\/pages\/18\/revisions"}],"predecessor-version":[{"id":228,"href":"https:\/\/ikarus-mainz.de\/index.php?rest_route=\/wp\/v2\/pages\/18\/revisions\/228"}],"wp:attachment":[{"href":"https:\/\/ikarus-mainz.de\/index.php?rest_route=%2Fwp%2Fv2%2Fmedia&parent=18"}],"curies":[{"name":"wp","href":"https:\/\/api.w.org\/{rel}","templated":true}]}}