{"id":296,"date":"2016-04-09T23:09:32","date_gmt":"2016-04-09T21:09:32","guid":{"rendered":"http:\/\/ikarus-mainz.de\/?page_id=296"},"modified":"2019-12-29T08:32:12","modified_gmt":"2019-12-29T07:32:12","slug":"ueber-die-anfaenge","status":"publish","type":"page","link":"https:\/\/ikarus-mainz.de\/?page_id=296","title":{"rendered":"\u00dcber die Anf\u00e4nge"},"content":{"rendered":"\n<p>Wann wollen wir unsere Geschichte denn beginnen lassen?<\/p>\n\n\n\n<p>&#8230;Vielleicht mit den H\u00fcpfern eines Schulgleiters SG 38 in den 40er Jahren des vorigen Jahrhunderts, der dem Hanggel\u00e4nde damit bereits eine Art fliegerische Weihe bescherte?<\/p>\n\n\n\n<div class=\"wp-block-image\"><figure class=\"alignright\"><a href=\"http:\/\/ikarus-mainz.de\/wp-content\/uploads\/2016\/04\/Gilzmer2.jpg\" rel=\"attachment wp-att-298\"><img loading=\"lazy\" decoding=\"async\" width=\"199\" height=\"300\" src=\"http:\/\/ikarus-mainz.de\/wp-content\/uploads\/2016\/04\/Gilzmer2-199x300.jpg\" alt=\"Gilzmer2\" class=\"wp-image-298\" srcset=\"https:\/\/ikarus-mainz.de\/wp-content\/uploads\/2016\/04\/Gilzmer2-199x300.jpg 199w, https:\/\/ikarus-mainz.de\/wp-content\/uploads\/2016\/04\/Gilzmer2-678x1024.jpg 678w, https:\/\/ikarus-mainz.de\/wp-content\/uploads\/2016\/04\/Gilzmer2-119x180.jpg 119w, https:\/\/ikarus-mainz.de\/wp-content\/uploads\/2016\/04\/Gilzmer2.jpg 716w\" sizes=\"auto, (max-width: 199px) 100vw, 199px\" \/><\/a><figcaption>Karl Gilzmer<\/figcaption><\/figure><\/div>\n\n\n\n<p>&#8230;Oder mit Karl Gilzmer, der 1944 als Soldat aus Luxemburg dort vorbeikommt und im Stillen denkt: Hier m\u00fcsste man mal Modelle fliegen lassen k\u00f6nnen. Was er dann sp\u00e4ter auch ausgiebig tun wird.<\/p>\n\n\n\n<p>&#8230;Oder in den 50ern, als sich die sp\u00e4teren Gr\u00fcnder unseres Vereins bereits unter dem Sc hirm des Landesluftsportverbandes und des Mainzer Luftsportvereins zu nationalen und internationalen Wettbewerben treffen.<\/p>\n\n\n\n<div class=\"wp-block-image\"><figure class=\"alignleft\"><a href=\"http:\/\/ikarus-mainz.de\/wp-content\/uploads\/2016\/04\/Heinrich-Kron.jpg\" rel=\"attachment wp-att-299\"><img loading=\"lazy\" decoding=\"async\" width=\"300\" height=\"296\" src=\"http:\/\/ikarus-mainz.de\/wp-content\/uploads\/2016\/04\/Heinrich-Kron-300x296.jpg\" alt=\"Heinrich Kron\" class=\"wp-image-299\" srcset=\"https:\/\/ikarus-mainz.de\/wp-content\/uploads\/2016\/04\/Heinrich-Kron-300x296.jpg 300w, https:\/\/ikarus-mainz.de\/wp-content\/uploads\/2016\/04\/Heinrich-Kron-768x759.jpg 768w, https:\/\/ikarus-mainz.de\/wp-content\/uploads\/2016\/04\/Heinrich-Kron-1024x1011.jpg 1024w, https:\/\/ikarus-mainz.de\/wp-content\/uploads\/2016\/04\/Heinrich-Kron-800x790.jpg 800w, https:\/\/ikarus-mainz.de\/wp-content\/uploads\/2016\/04\/Heinrich-Kron-182x180.jpg 182w, https:\/\/ikarus-mainz.de\/wp-content\/uploads\/2016\/04\/Heinrich-Kron.jpg 1140w\" sizes=\"auto, (max-width: 300px) 100vw, 300px\" \/><\/a><figcaption>Heinrich Kron &amp; andere<\/figcaption><\/figure><\/div>\n\n\n\n<p>Aus der Liste der wichtigsten Erfolge ragen immer wieder die Namen Heinrich Kron, Karl Gilzmer, Bernd Silz schon in den 50er Jahren hervor. Das waren noch Zeiten. Freiflugzeiten!<\/p>\n\n\n\n<p>&#8230;Nein, wir schreiben das Jahr 1967, das Jahr der Gr\u00fcndung des IKARUS Mainz e.V. Es gibt eine Gruppe von begeisterten Modellfliegern, denen ein eigenes Fluggel\u00e4nde fehlt. Man fliegt zwar schon mit Seglern oder auch Motormodellen irgendwo in den Rheinwiesen, aber man h\u00e4lt Ausschau nach Besserem, vor allem Eigenem.<\/p>\n\n\n\n<p>Der Blick f\u00e4llt auf jenen Hang oberhalb von Appenheim im Rheinhessischen, der die g\u00fcnstige Ausrichtung nach S\u00fcdwesten hat. Jedoch, vor den Kaufvertrag haben die G\u00f6tter die Vereinsgr\u00fcndung gesetzt. Und so versammeln sich am <b><i>30.6.1967<\/i><\/b> 12 Modellflieger vorwiegend aus Mainz und Ingelheim um den IKARUS Mainz e.V. aus der Taufe zu heben.<\/p>\n\n\n\n<p>Und da sich andere Modellflugaktivit\u00e4ten als Segelflug auf diesem Gel\u00e4nde verbieten, wird diese Neugr\u00fcndung ein &#8222;Verein f\u00fcr Segelflugmodellsport&#8220;, wie er sich dann auch im Untertitel nennt. Nun muss man allerdings sagen, dass die, die sich da gefunden haben, so vom lautlosen Gleiten fasziniert sind, dass sie es auch gar nicht anders wollen. Es wird dann nicht nur beim &#8222;stillen und ruhigen Gleiten&#8220; bleiben, schlie\u00dflich kann man bei gutem Aufwind am Hang auch Spektakul\u00e4reres tun und es wird auch nicht nur am Hang geflogen werden. Doch davon sp\u00e4ter mehr.<\/p>\n\n\n\n<p>Immerhin kann man eines konstatieren: Der Hang war nicht nur das ausl\u00f6sende Moment f\u00fcr die Vereinsgr\u00fcndung, sondern das Fliegen an unseren H\u00e4ngen stellt auch heute noch das Herzst\u00fcck der Vereinsaktivit\u00e4ten dar.<\/p>\n\n\n\n<p class=\"has-small-font-size\"><a href=\"https:\/\/ikarus-mainz.de\/?page_id=307\"> Wettbewerbe, Ehrgeiz und Erfolge \u2026 <\/a><\/p>\n","protected":false},"excerpt":{"rendered":"<p>Wann wollen wir unsere Geschichte denn beginnen lassen? &#8230;Vielleicht mit den H\u00fcpfern eines Schulgleiters SG 38 in den 40er Jahren des vorigen Jahrhunderts, der dem Hanggel\u00e4nde damit bereits eine Art fliegerische Weihe bescherte? &#8230;Oder mit Karl Gilzmer, der 1944 als Soldat aus Luxemburg dort vorbeikommt und im Stillen denkt: Hier m\u00fcsste man mal Modelle fliegen&hellip;<\/p>\n","protected":false},"author":1,"featured_media":0,"parent":0,"menu_order":0,"comment_status":"closed","ping_status":"closed","template":"","meta":{"footnotes":""},"class_list":["post-296","page","type-page","status-publish","hentry","empty-entry-meta"],"publishpress_future_action":{"enabled":false,"date":"2026-05-12 13:05:05","action":"change-status","newStatus":"draft","terms":[],"taxonomy":"","extraData":[]},"publishpress_future_workflow_manual_trigger":{"enabledWorkflows":[]},"_links":{"self":[{"href":"https:\/\/ikarus-mainz.de\/index.php?rest_route=\/wp\/v2\/pages\/296","targetHints":{"allow":["GET"]}}],"collection":[{"href":"https:\/\/ikarus-mainz.de\/index.php?rest_route=\/wp\/v2\/pages"}],"about":[{"href":"https:\/\/ikarus-mainz.de\/index.php?rest_route=\/wp\/v2\/types\/page"}],"author":[{"embeddable":true,"href":"https:\/\/ikarus-mainz.de\/index.php?rest_route=\/wp\/v2\/users\/1"}],"replies":[{"embeddable":true,"href":"https:\/\/ikarus-mainz.de\/index.php?rest_route=%2Fwp%2Fv2%2Fcomments&post=296"}],"version-history":[{"count":4,"href":"https:\/\/ikarus-mainz.de\/index.php?rest_route=\/wp\/v2\/pages\/296\/revisions"}],"predecessor-version":[{"id":1372,"href":"https:\/\/ikarus-mainz.de\/index.php?rest_route=\/wp\/v2\/pages\/296\/revisions\/1372"}],"wp:attachment":[{"href":"https:\/\/ikarus-mainz.de\/index.php?rest_route=%2Fwp%2Fv2%2Fmedia&parent=296"}],"curies":[{"name":"wp","href":"https:\/\/api.w.org\/{rel}","templated":true}]}}