{"id":321,"date":"2016-04-11T22:17:38","date_gmt":"2016-04-11T20:17:38","guid":{"rendered":"http:\/\/ikarus-mainz.de\/?page_id=321"},"modified":"2019-12-29T08:43:53","modified_gmt":"2019-12-29T07:43:53","slug":"vom-spass-am-fliegen","status":"publish","type":"page","link":"https:\/\/ikarus-mainz.de\/?page_id=321","title":{"rendered":"Vom Spass am Fliegen&#8230;"},"content":{"rendered":"\n<p>Segelflieger sind nicht nur die Individualisten unter den Modellfliegern, sie achten wohl auch in besonderer Weise auf ihre Umwelt, leben sie doch von Wind, Gel\u00e4ndegegebenheiten und Natur. Schlie\u00dflich stehen sie h\u00e4ufig auf Bergesh\u00f6hen und damit regelm\u00e4\u00dfig in landschaftlich besonders sch\u00f6nen Gegenden. Wer w\u00fcrde sich davon nicht ansprechen lassen?<\/p>\n\n\n\n<p>Sicher geh\u00f6rt es f\u00fcr jeden von uns zu den begl\u00fcckendsten Erlebnissen in einer solch sch\u00f6nen Umgebung sein Modell dem Aufwind anzuvertrauen und vielleicht sogar mit ein paar gro\u00dfen Greifv\u00f6geln sozusagen br\u00fcderlich die gleiche Thermik zu teilen.<\/p>\n\n\n\n<div class=\"wp-block-image\"><figure class=\"alignright\"><a href=\"http:\/\/ikarus-mainz.de\/wp-content\/uploads\/2016\/04\/ASW-17-Jugenheim.jpg\" rel=\"attachment wp-att-322\"><img loading=\"lazy\" decoding=\"async\" width=\"300\" height=\"202\" src=\"http:\/\/ikarus-mainz.de\/wp-content\/uploads\/2016\/04\/ASW-17-Jugenheim-300x202.jpg\" alt=\"ASW 17 Jugenheim\" class=\"wp-image-322\" srcset=\"https:\/\/ikarus-mainz.de\/wp-content\/uploads\/2016\/04\/ASW-17-Jugenheim-300x202.jpg 300w, https:\/\/ikarus-mainz.de\/wp-content\/uploads\/2016\/04\/ASW-17-Jugenheim-768x517.jpg 768w, https:\/\/ikarus-mainz.de\/wp-content\/uploads\/2016\/04\/ASW-17-Jugenheim-1024x690.jpg 1024w, https:\/\/ikarus-mainz.de\/wp-content\/uploads\/2016\/04\/ASW-17-Jugenheim-800x539.jpg 800w, https:\/\/ikarus-mainz.de\/wp-content\/uploads\/2016\/04\/ASW-17-Jugenheim-267x180.jpg 267w, https:\/\/ikarus-mainz.de\/wp-content\/uploads\/2016\/04\/ASW-17-Jugenheim.jpg 1523w\" sizes=\"auto, (max-width: 300px) 100vw, 300px\" \/><\/a><figcaption>Eine ASW 17 am Jugenheimer Hang<\/figcaption><\/figure><\/div>\n\n\n\n<p>Nun hat das Fliegen am Hang auch einen Nachteil: Man braucht dazu Wind und den auch noch aus der richtigen Richtung. Der Wunschtraum eines jeden Hangfliegers vom &#8222;drehbaren Hanggel\u00e4nde&#8220; hat sich leider noch nicht verwirklichen lassen. Um einigerma\u00dfen auf andere Wetterlagen als West\/S\u00fcdwestwind reagieren zu k\u00f6nnen, fehlt es noch an der Gegenrichtung. Ein gl\u00fccklicher Fall ergibt sich 1980 als eine Reihe von ebenfalls rein am Segelfliegen Interessierten zu uns st\u00f6\u00dft und quasi zum Eintritt einen Nordost\/Osthang, den Bleichkopf bei Jugenheim \/Rhh., mit einbringt. An beiden H\u00e4ngen wird nun je nach Windrichtung sommers wie winters eifrig geflogen. Dazu geh\u00f6rt nat\u00fcrlich auch, dass man mit einem geeigneten, wendigen Modell bei starkem Wind oder sogar Sturm schier endlos Figuren in rasantem Tempo in den Himmel zaubert. Das sind dann die Tage an denen, wie wir sagen, auch Klaviere fliegen.<\/p>\n\n\n\n<p>Ebenso nat\u00fcrlich ist es, alles f\u00fcr die n\u00f6tige Sicherheit zu tun und unsere beiden Hanggel\u00e4nde f\u00fcr Modelle bis 20 kg zuzulassen. Wie werden nun die in die Luft gebracht?<\/p>\n\n\n\n<div class=\"wp-block-image\"><figure class=\"alignright\"><a href=\"http:\/\/ikarus-mainz.de\/wp-content\/uploads\/2016\/04\/Start-Collage.jpg\" rel=\"attachment wp-att-330\"><img loading=\"lazy\" decoding=\"async\" width=\"896\" height=\"519\" src=\"http:\/\/ikarus-mainz.de\/wp-content\/uploads\/2016\/04\/Start-Collage.jpg\" alt=\"Start Collage\" class=\"wp-image-330\" srcset=\"https:\/\/ikarus-mainz.de\/wp-content\/uploads\/2016\/04\/Start-Collage.jpg 896w, https:\/\/ikarus-mainz.de\/wp-content\/uploads\/2016\/04\/Start-Collage-300x174.jpg 300w, https:\/\/ikarus-mainz.de\/wp-content\/uploads\/2016\/04\/Start-Collage-768x445.jpg 768w, https:\/\/ikarus-mainz.de\/wp-content\/uploads\/2016\/04\/Start-Collage-800x463.jpg 800w, https:\/\/ikarus-mainz.de\/wp-content\/uploads\/2016\/04\/Start-Collage-311x180.jpg 311w\" sizes=\"auto, (max-width: 896px) 100vw, 896px\" \/><\/a><figcaption>so &#8211; oder so &#8211; runter kommen sie alle!<\/figcaption><\/figure><\/div>\n\n\n\n<div class=\"wp-block-image\"><figure class=\"alignright\"><a href=\"http:\/\/ikarus-mainz.de\/wp-content\/uploads\/2016\/04\/Heri-Landeanflug.jpg\" rel=\"attachment wp-att-332\"><img loading=\"lazy\" decoding=\"async\" width=\"300\" height=\"206\" src=\"http:\/\/ikarus-mainz.de\/wp-content\/uploads\/2016\/04\/Heri-Landeanflug-300x206.jpg\" alt=\"Heri Landeanflug\" class=\"wp-image-332\" srcset=\"https:\/\/ikarus-mainz.de\/wp-content\/uploads\/2016\/04\/Heri-Landeanflug-300x206.jpg 300w, https:\/\/ikarus-mainz.de\/wp-content\/uploads\/2016\/04\/Heri-Landeanflug-768x527.jpg 768w, https:\/\/ikarus-mainz.de\/wp-content\/uploads\/2016\/04\/Heri-Landeanflug-1024x702.jpg 1024w, https:\/\/ikarus-mainz.de\/wp-content\/uploads\/2016\/04\/Heri-Landeanflug-800x549.jpg 800w, https:\/\/ikarus-mainz.de\/wp-content\/uploads\/2016\/04\/Heri-Landeanflug-262x180.jpg 262w, https:\/\/ikarus-mainz.de\/wp-content\/uploads\/2016\/04\/Heri-Landeanflug.jpg 1136w\" sizes=\"auto, (max-width: 300px) 100vw, 300px\" \/><\/a><\/figure><\/div>\n\n\n\n<p>Landen ist nach alter Fliegerweisheit immer schon die schwierigste Disziplin gewesen. Das gilt in verst\u00e4rktem Ma\u00dfe auch f\u00fcr das Fliegen am Hang.<\/p>\n\n\n\n<p class=\"has-small-font-size\"><a href=\"https:\/\/ikarus-mainz.de\/?page_id=326\">Fiegen und mehr\u2026 Besucherinfo<\/a><\/p>\n","protected":false},"excerpt":{"rendered":"<p>Segelflieger sind nicht nur die Individualisten unter den Modellfliegern, sie achten wohl auch in besonderer Weise auf ihre Umwelt, leben sie doch von Wind, Gel\u00e4ndegegebenheiten und Natur. Schlie\u00dflich stehen sie h\u00e4ufig auf Bergesh\u00f6hen und damit regelm\u00e4\u00dfig in landschaftlich besonders sch\u00f6nen Gegenden. Wer w\u00fcrde sich davon nicht ansprechen lassen? Sicher geh\u00f6rt es f\u00fcr jeden von uns&hellip;<\/p>\n","protected":false},"author":1,"featured_media":0,"parent":0,"menu_order":0,"comment_status":"closed","ping_status":"closed","template":"","meta":{"footnotes":""},"class_list":["post-321","page","type-page","status-publish","hentry","empty-entry-meta"],"publishpress_future_action":{"enabled":false,"date":"2026-04-28 05:09:21","action":"change-status","newStatus":"draft","terms":[],"taxonomy":"","extraData":[]},"publishpress_future_workflow_manual_trigger":{"enabledWorkflows":[]},"_links":{"self":[{"href":"https:\/\/ikarus-mainz.de\/index.php?rest_route=\/wp\/v2\/pages\/321","targetHints":{"allow":["GET"]}}],"collection":[{"href":"https:\/\/ikarus-mainz.de\/index.php?rest_route=\/wp\/v2\/pages"}],"about":[{"href":"https:\/\/ikarus-mainz.de\/index.php?rest_route=\/wp\/v2\/types\/page"}],"author":[{"embeddable":true,"href":"https:\/\/ikarus-mainz.de\/index.php?rest_route=\/wp\/v2\/users\/1"}],"replies":[{"embeddable":true,"href":"https:\/\/ikarus-mainz.de\/index.php?rest_route=%2Fwp%2Fv2%2Fcomments&post=321"}],"version-history":[{"count":5,"href":"https:\/\/ikarus-mainz.de\/index.php?rest_route=\/wp\/v2\/pages\/321\/revisions"}],"predecessor-version":[{"id":1377,"href":"https:\/\/ikarus-mainz.de\/index.php?rest_route=\/wp\/v2\/pages\/321\/revisions\/1377"}],"wp:attachment":[{"href":"https:\/\/ikarus-mainz.de\/index.php?rest_route=%2Fwp%2Fv2%2Fmedia&parent=321"}],"curies":[{"name":"wp","href":"https:\/\/api.w.org\/{rel}","templated":true}]}}