{"id":326,"date":"2016-04-11T22:28:17","date_gmt":"2016-04-11T20:28:17","guid":{"rendered":"http:\/\/ikarus-mainz.de\/?page_id=326"},"modified":"2019-12-29T09:11:22","modified_gmt":"2019-12-29T08:11:22","slug":"fiegen-und-mehr-besucherinfo","status":"publish","type":"page","link":"https:\/\/ikarus-mainz.de\/?page_id=326","title":{"rendered":"Fiegen und mehr&#8230; Besucherinfo"},"content":{"rendered":"\n<div class=\"wp-block-group\"><div class=\"wp-block-group__inner-container is-layout-flow wp-block-group-is-layout-flow\">\n<div class=\"wp-block-columns is-layout-flex wp-container-core-columns-is-layout-9d6595d7 wp-block-columns-is-layout-flex\">\n<div class=\"wp-block-column is-layout-flow wp-block-column-is-layout-flow\">\n<p> Die Gemeinschaft der im IKARUS Mainz e.V.&nbsp; zusammengeschlossenen  Segelflieger besteht nicht nur aus den Piloten, sondern auch aus den  Partnern der Modellflieger. Und auf deren Wohlwollen sind wir ja auch  angewiesen, will man den Seelen- oder Ehefrieden zu Hause erhalten. <\/p>\n<\/div>\n\n\n\n<div class=\"wp-block-column is-layout-flow wp-block-column-is-layout-flow\">\n<div class=\"wp-block-image\"><figure class=\"aligncenter size-large\"><a href=\"https:\/\/ikarus-mainz.de\/wp-content\/uploads\/2016\/04\/Fest-04.jpg\"><img loading=\"lazy\" decoding=\"async\" width=\"1024\" height=\"768\" src=\"https:\/\/ikarus-mainz.de\/wp-content\/uploads\/2016\/04\/Fest-04-1024x768.jpg\" alt=\"\" class=\"wp-image-327\" srcset=\"https:\/\/ikarus-mainz.de\/wp-content\/uploads\/2016\/04\/Fest-04-1024x768.jpg 1024w, https:\/\/ikarus-mainz.de\/wp-content\/uploads\/2016\/04\/Fest-04-300x225.jpg 300w, https:\/\/ikarus-mainz.de\/wp-content\/uploads\/2016\/04\/Fest-04-768x576.jpg 768w, https:\/\/ikarus-mainz.de\/wp-content\/uploads\/2016\/04\/Fest-04-400x300.jpg 400w, https:\/\/ikarus-mainz.de\/wp-content\/uploads\/2016\/04\/Fest-04-800x600.jpg 800w, https:\/\/ikarus-mainz.de\/wp-content\/uploads\/2016\/04\/Fest-04-240x180.jpg 240w, https:\/\/ikarus-mainz.de\/wp-content\/uploads\/2016\/04\/Fest-04.jpg 2000w\" sizes=\"auto, (max-width: 1024px) 100vw, 1024px\" \/><\/a><\/figure><\/div>\n<\/div>\n<\/div>\n<\/div><\/div>\n\n\n\n<div class=\"wp-block-columns is-layout-flex wp-container-core-columns-is-layout-9d6595d7 wp-block-columns-is-layout-flex\">\n<div class=\"wp-block-column is-layout-flow wp-block-column-is-layout-flow\">\n<div class=\"wp-block-image\"><figure class=\"aligncenter size-large\"><a href=\"https:\/\/ikarus-mainz.de\/wp-content\/uploads\/2016\/02\/2015hangfest6706.jpg\"><img loading=\"lazy\" decoding=\"async\" width=\"1024\" height=\"768\" src=\"https:\/\/ikarus-mainz.de\/wp-content\/uploads\/2016\/02\/2015hangfest6706-1024x768.jpg\" alt=\"\" class=\"wp-image-100\" srcset=\"https:\/\/ikarus-mainz.de\/wp-content\/uploads\/2016\/02\/2015hangfest6706.jpg 1024w, https:\/\/ikarus-mainz.de\/wp-content\/uploads\/2016\/02\/2015hangfest6706-300x225.jpg 300w, https:\/\/ikarus-mainz.de\/wp-content\/uploads\/2016\/02\/2015hangfest6706-768x576.jpg 768w, https:\/\/ikarus-mainz.de\/wp-content\/uploads\/2016\/02\/2015hangfest6706-400x300.jpg 400w, https:\/\/ikarus-mainz.de\/wp-content\/uploads\/2016\/02\/2015hangfest6706-800x600.jpg 800w, https:\/\/ikarus-mainz.de\/wp-content\/uploads\/2016\/02\/2015hangfest6706-240x180.jpg 240w\" sizes=\"auto, (max-width: 1024px) 100vw, 1024px\" \/><\/a><figcaption>Hangparty 2015 \u2013 Engelstadt<\/figcaption><\/figure><\/div>\n<\/div>\n\n\n\n<div class=\"wp-block-column is-layout-flow wp-block-column-is-layout-flow\">\n<p> Wenn wir uns im Sommer und im Herbst zu unseren Hangfesten treffen,  bietet sich eine tolle Gelegenheit zum besseren Kennenlernen  untereinander. Und hierbei haben unsere Frauen auch einmal die Chance  mit der &#8220; Kollegin &#8220; zu sprechen. Nat\u00fcrlich gibt es bei solchen  Gelegenheiten auch immer gut zu essen und zu trinken und besonders im  Herbst l\u00f6st ein guter Federweisser die Zunge. <\/p>\n<\/div>\n<\/div>\n\n\n\n<p>Nicht unerw\u00e4hnt bleiben soll unser Weihnachtsessen, das einen weiteren H\u00f6hepunkt der gesellschaftlichen Aktivit\u00e4ten darstellt und jeweils in einem sehr ansprechenden Rahmen abl\u00e4uft.<\/p>\n\n\n\n<p>Etwas rustikaler und urw\u00fcchsiger verl\u00e4uft das traditionelle Silvestertreffen am Hang mit dem Gl\u00fchweintopf \u00fcber dem offenen Feuer. Der Sage nach soll allerdings so manche sp\u00e4tere geplante, private Silvesterparty in besagten Topf gefallen sein. Der Hausherr schlief vorzeitig ein!<\/p>\n\n\n\n<h4 class=\"wp-block-heading\"><span style=\"text-decoration: underline;\"><strong> Besucher&#8230;<\/strong><\/span><\/h4>\n\n\n\n<p>Na, Interesse geweckt? Haben Sie einen Segler, einen Versicherungsnachweis und Lust am Fliegen, dann melden Sie sich bei einem Vereinsmitglied und kommen mit ihm am Hang vorbei! Und haben Sie keinen Segler, kommen Sie einfach zum Zuschauen&#8230;..<\/p>\n\n\n\n<p class=\"has-small-font-size\"><a href=\"https:\/\/ikarus-mainz.de\/?page_id=335\">Sportliche Erfolge von Vereinsmitgliedern<\/a><\/p>\n","protected":false},"excerpt":{"rendered":"<p>Die Gemeinschaft der im IKARUS Mainz e.V.&nbsp; zusammengeschlossenen Segelflieger besteht nicht nur aus den Piloten, sondern auch aus den Partnern der Modellflieger. Und auf deren Wohlwollen sind wir ja auch angewiesen, will man den Seelen- oder Ehefrieden zu Hause erhalten. Wenn wir uns im Sommer und im Herbst zu unseren Hangfesten treffen, bietet sich eine&hellip;<\/p>\n","protected":false},"author":1,"featured_media":0,"parent":0,"menu_order":0,"comment_status":"closed","ping_status":"closed","template":"","meta":{"footnotes":""},"class_list":["post-326","page","type-page","status-publish","hentry","empty-entry-meta"],"publishpress_future_action":{"enabled":false,"date":"2026-04-25 16:46:41","action":"change-status","newStatus":"draft","terms":[],"taxonomy":"","extraData":[]},"publishpress_future_workflow_manual_trigger":{"enabledWorkflows":[]},"_links":{"self":[{"href":"https:\/\/ikarus-mainz.de\/index.php?rest_route=\/wp\/v2\/pages\/326","targetHints":{"allow":["GET"]}}],"collection":[{"href":"https:\/\/ikarus-mainz.de\/index.php?rest_route=\/wp\/v2\/pages"}],"about":[{"href":"https:\/\/ikarus-mainz.de\/index.php?rest_route=\/wp\/v2\/types\/page"}],"author":[{"embeddable":true,"href":"https:\/\/ikarus-mainz.de\/index.php?rest_route=\/wp\/v2\/users\/1"}],"replies":[{"embeddable":true,"href":"https:\/\/ikarus-mainz.de\/index.php?rest_route=%2Fwp%2Fv2%2Fcomments&post=326"}],"version-history":[{"count":3,"href":"https:\/\/ikarus-mainz.de\/index.php?rest_route=\/wp\/v2\/pages\/326\/revisions"}],"predecessor-version":[{"id":1381,"href":"https:\/\/ikarus-mainz.de\/index.php?rest_route=\/wp\/v2\/pages\/326\/revisions\/1381"}],"wp:attachment":[{"href":"https:\/\/ikarus-mainz.de\/index.php?rest_route=%2Fwp%2Fv2%2Fmedia&parent=326"}],"curies":[{"name":"wp","href":"https:\/\/api.w.org\/{rel}","templated":true}]}}